{"id":6,"date":"2016-05-10T05:57:35","date_gmt":"2016-05-10T02:57:35","guid":{"rendered":"http:\/\/wydethemes.com\/gogreen\/?page_id=6"},"modified":"2022-07-04T16:45:26","modified_gmt":"2022-07-04T13:45:26","slug":"home-main","status":"publish","type":"page","link":"https:\/\/ozlertarim.com.tr\/en\/","title":{"rendered":"Home"},"content":{"rendered":"<p>[vc_row row_style=&#8221;full-width&#8221; padding_size=&#8221;no-padding&#8221;][vc_column padding_size=&#8221;no-padding&#8221;][rev_slider_vc][wyde_section_separator style=&#8221;4&#8243; background_color=&#8221;#ffffff&#8221; shape_color=&#8221;#3ab54a&#8221;][\/vc_column][\/vc_row][vc_row vertical_align=&#8221;bottom&#8221; css=&#8221;.vc_custom_1461334320574{padding-bottom: 0px !important;}&#8221;][vc_column width=&#8221;1\/2&#8243;][wyde_heading text_align=&#8221;right&#8221; title=&#8221;\u00d6zler<br \/>\nTar\u0131m&#8221;][vc_empty_space height=&#8221;20px&#8221;][vc_single_image alignment=&#8221;center&#8221; image=&#8221;15657&#8243;][\/vc_column][vc_column width=&#8221;1\/2&#8243;][vc_custom_heading text=&#8221;About us&#8221; font_container=&#8221;tag:h3|font_size:22px|text_align:left|color:%233ab45a|line_height:28px&#8221; google_fonts=&#8221;font_family:Roboto%20Slab%3A100%2C300%2Cregular%2C700|font_style:400%20regular%3A400%3Anormal&#8221;][vc_empty_space height=&#8221;20px&#8221;][vc_column_text]<\/p>\n<div align=\"justify\">The foundations of Ozler Tarim that has been continuing its activities for 3 generations, were laid in 1982.<br \/>\nOzler Tarim, that is initially established to market own products all over World, now shipping the products of hundreds of growers to more than 35 countries.<br \/>\nIt is one of the most important commercial institutions of Adana with the employment it created more than a thousand people and its great contribution to the export of our country.<\/div>\n<p>[\/vc_column_text][vc_empty_space height=&#8221;20px&#8221;][vc_single_image alignment=&#8221;center&#8221; image=&#8221;13942&#8243;][\/vc_column][\/vc_row][vc_row][vc_column][vc_column_text]<\/p>\n<h3 style=\"text-align: center;\"><span class=\"highlight\">From Seed <\/span>to Fruit<\/h3>\n<p>[\/vc_column_text][vc_row_inner][vc_column_inner width=&#8221;1\/3&#8243;][wyde_info_box icon=&#8221;fa fa-building-o&#8221; title=&#8221;Our Companies&#8221; css=&#8221;.vc_custom_1656942273417{padding-right: 25px !important;padding-left: 25px !important;}&#8221; link=&#8221;url:https%3A%2F%2Fozlertarim.com.tr%2Fen%2Fabout-us%2F%23firmalar|title:Our%20Companies&#8221;]<\/p>\n<div align=\"justify\">Baler Tar\u0131m, Starpak Tar\u0131m, \u00d6zler Tar\u0131m, Plasteks, Tad\u0131m, Ozler Group.<br \/>\nIt is one of the primary goals of the Group to provide and maintain quality products with vertical integration from variety selection to fruit production, from packaging to marketing and reaching the consumer.<\/div>\n<p>[\/wyde_info_box][\/vc_column_inner][vc_column_inner width=&#8221;1\/3&#8243;][wyde_info_box icon=&#8221;fa fa-lemon-o&#8221; title=&#8221;Summer Prim\u00ae&#8221; css=&#8221;.vc_custom_1656573682283{padding-right: 25px !important;padding-left: 25px !important;}&#8221; link=&#8221;url:https%3A%2F%2Fozlertarim.com.tr%2Fen%2Fsummer-prim%2F|title:SummerPrim%C2%AE&#8221;]<\/p>\n<div align=\"justify\">Summer Prim is Turkey&#8217;s latest harvested lemon.<br \/>\nIt can capture a market gap where there is no fresh lemon in its branch, and it can easily compete with Southern Hemisphere lemons that come from much longer routes abroad.<\/div>\n<p>[\/wyde_info_box][\/vc_column_inner][vc_column_inner width=&#8221;1\/3&#8243;][wyde_info_box icon_set=&#8221;farming&#8221; icon_farming=&#8221;fm-sprout2&#8243; color=&#8221;#81d742&#8243; title=&#8221;We produce&#8221; css=&#8221;.vc_custom_1656942320434{padding-right: 25px !important;padding-left: 25px !important;}&#8221; link=&#8221;url:https%3A%2F%2Fozlertarim.com.tr%2Fen%2Fabout-us%2F%23uretiyoruz|title:We%20produce&#8221;]<\/p>\n<div align=\"justify\">BALER TARIM, the company that carries out the agricultural production activities of the \u00d6zler Group, also grows our own fruits. Since one of our founders, \u00d6zbek \u00d6ZLER, was awarded the &#8220;Most Technical Farmer&#8221; award, we have been constantly raising the bar, aiming to use technology at the highest level in agriculture, to grow higher quality and lower cost products<\/div>\n<p>[\/wyde_info_box][\/vc_column_inner][\/vc_row_inner][vc_column_text]<\/p>\n<h2 style=\"text-align: center;\"><span class=\"highlight\">Healthy<\/span> &amp; Good Agriculture<\/h2>\n<p>[\/vc_column_text][\/vc_column][\/vc_row][vc_row row_style=&#8221;full-width&#8221; overlap_index=&#8221;50&#8243; padding_size=&#8221;no-padding&#8221;][vc_column padding_size=&#8221;no-padding&#8221;][wyde_section_separator reflect=&#8221;reflect-h&#8221; overlap=&#8221;bottom&#8221; background_color=&#8221;#ffffff&#8221;][\/vc_column][\/vc_row][vc_row row_style=&#8221;full-width&#8221; vertical_align=&#8221;middle&#8221; padding_size=&#8221;xl-padding&#8221; background_mode=&#8221;image&#8221; css=&#8221;.vc_custom_1627731048656{padding-bottom: 0px !important;}&#8221; bg_image_url=&#8221;https:\/\/www1.ozlertarim.com.tr\/en\/wp-content\/uploads\/2021\/07\/web-anasayfa-kalitejpg-150&#215;150.jpg&#8221; background_image=&#8221;13951&#8243;][vc_column text_style=&#8221;light&#8221; width=&#8221;2\/3&#8243;][vc_row_inner][vc_column_inner offset=&#8221;vc_hidden-sm vc_hidden-xs&#8221;][vc_empty_space height=&#8221;50px&#8221;][\/vc_column_inner][\/vc_row_inner][vc_row_inner][vc_column_inner width=&#8221;1\/6&#8243; offset=&#8221;vc_hidden-md vc_hidden-sm vc_hidden-xs&#8221;][\/vc_column_inner][vc_column_inner width=&#8221;2\/3&#8243; offset=&#8221;vc_col-lg-8 vc_col-md-12&#8243;][vc_column_text]<\/p>\n<h4><span style=\"color: #ffffff;\">\u00d6zler Quality Understanding<\/span><br \/>\n<span style=\"color: #ffffff;\">For Quality Products<\/span><\/h4>\n<p><span style=\"color: #ffffff;\">\u00d6zler Tarim, that was founded in 1982, has made a name in a short time in the area and today managed to become Turkey\u2019s largest citrus exporter.<\/span>[\/vc_column_text][vc_empty_space height=&#8221;50px&#8221;][wyde_info_box icon_set=&#8221;farming&#8221; icon_farming=&#8221;fm-garden&#8221; icon_size=&#8221;medium&#8221; icon_position=&#8221;left&#8221; color=&#8221;#eeee22&#8243; title=&#8221;The biggest reason for its success&#8221; link=&#8221;|||&#8221;]<span style=\"color: #ffffff;\">The biggest reason for the success of our company is that it is based on customer satisfaction by prioritizing Quality and Food safety at every stage until the fruits reaches to the markets.<\/span>[\/wyde_info_box][vc_empty_space][wyde_info_box icon_set=&#8221;farming&#8221; icon_farming=&#8221;fm-farmer&#8221; icon_size=&#8221;medium&#8221; icon_position=&#8221;left&#8221; color=&#8221;#eeee22&#8243; title=&#8221;We Practice Modern Agricultural Techniques.&#8221; link=&#8221;|||&#8221;]<span style=\"color: #ffffff;\">In this context, our partner producer Baler Ziraat fully applies modern agricultural techniques and closely follows technology in agriculture.<\/span><\/p>\n<p><span style=\"color: #ffffff;\">It has the GLOBALGAP certificate, which is the European Standard in Agriculture, and fulfills the requirements of this certificate completely. It has 8,000 decares of citrus in the \u00c7ukurova region and 6,500 decares of apple orchards in Uluk\u0131\u015fla.<\/span>[\/wyde_info_box][vc_empty_space height=&#8221;85px&#8221;][wyde_info_box icon_set=&#8221;farming&#8221; icon_farming=&#8221;fm-calendar1&#8243; icon_size=&#8221;medium&#8221; icon_position=&#8221;left&#8221; color=&#8221;#eeee22&#8243; title=&#8221;First Company to Receive International Certificates&#8221; link=&#8221;|||&#8221;]<span style=\"color: #ffffff;\">As the first company in its category to receive international certificates on food safety, we have proven our sensitivity to this issue. Our current certificates are GlobalGap, ITU, Grasp, BRC (British Retail Consorcium), FSSC 22000, Sedex. All our products have traceability. In order to better respond to consumer needs, our partner producer Baler Ziraat started growing new citrus varieties. These are the fruits that can last until late period or fruits with extended shelf life. There are also citrus varieties with different flavors.<\/span>[\/wyde_info_box][vc_empty_space height=&#8221;50px&#8221;][\/vc_column_inner][vc_column_inner width=&#8221;1\/6&#8243; offset=&#8221;vc_hidden-md vc_hidden-sm vc_hidden-xs&#8221;][\/vc_column_inner][\/vc_row_inner][vc_row_inner][vc_column_inner offset=&#8221;vc_hidden-sm vc_hidden-xs&#8221;][vc_empty_space height=&#8221;100px&#8221;][\/vc_column_inner][\/vc_row_inner][\/vc_column][vc_column padding_size=&#8221;no-padding&#8221; width=&#8221;1\/3&#8243;][\/vc_column][\/vc_row][vc_row row_style=&#8221;full-width&#8221; padding_size=&#8221;no-padding&#8221;][vc_column padding_size=&#8221;no-padding&#8221;][wyde_section_separator style=&#8221;3&#8243; background_color=&#8221;#ffffff&#8221;][vc_column_text]<\/p>\n<h2 style=\"text-align: center;\"><span class=\"highlight\">Highlights of\u00a0\u00a0<\/span>this month.<\/h2>\n<p>[\/vc_column_text][vc_empty_space height=&#8221;40px&#8221;][vc_row_inner][vc_column_inner width=&#8221;1\/4&#8243; offset=&#8221;vc_hidden-md vc_hidden-sm vc_hidden-xs&#8221;][\/vc_column_inner][vc_column_inner width=&#8221;1\/2&#8243; offset=&#8221;vc_col-lg-6 vc_col-md-12&#8243;][vc_column_text]<\/p>\n<p style=\"text-align: center;\">Discover 1 of our seasonal products featured this month<\/p>\n<p>[\/vc_column_text][\/vc_column_inner][vc_column_inner width=&#8221;1\/4&#8243; offset=&#8221;vc_hidden-md vc_hidden-sm vc_hidden-xs&#8221;][\/vc_column_inner][\/vc_row_inner][vc_empty_space height=&#8221;80px&#8221;][vc_row_inner][vc_column_inner width=&#8221;1\/3&#8243;][\/vc_column_inner][vc_column_inner width=&#8221;1\/3&#8243;][wyde_pricing_box heading=&#8221;Ziraat 900&#8243; button_text=&#8221;Explore&#8221; link=&#8221;url:https%3A%2F%2Fozlertarim.com.tr%2Fen%2Furun-ziraat-900%2F|title:Cherry&#8221; sub_heading=&#8221;Cherry&#8221; image=&#8221;10727&#8243; color=&#8221;#dd3333&#8243; button_color=&#8221;#dd3333&#8243;]<span class=\"highlight\">Note<\/span>: Our references vary according to customer orders.<br \/>\nFor detailed information, you can contact our sales support team.[\/wyde_pricing_box][\/vc_column_inner][vc_column_inner width=&#8221;1\/3&#8243;][\/vc_column_inner][\/vc_row_inner][vc_empty_space height=&#8221;20px&#8221;][\/vc_column][\/vc_row]<\/p>\n","protected":false},"excerpt":{"rendered":"<p>[vc_row row_style=&#8221;full-width&#8221; padding_size=&#8221;no-padding&#8221;][vc_column padding_size=&#8221;no-padding&#8221;][rev_slider_vc][wyde_section_separator style=&#8221;4&#8243; background_color=&#8221;#ffffff&#8221; shape_color=&#8221;#3ab54a&#8221;][\/vc_column][\/vc_row][vc_row vertical_align=&#8221;bottom&#8221; css=&#8221;.vc_custom_1461334320574{padding-bottom: 0px !important;}&#8221;][vc_column width=&#8221;1\/2&#8243;][wyde_heading text_align=&#8221;right&#8221; title=&#8221;\u00d6zler Tar\u0131m&#8221;][vc_empty_space height=&#8221;20px&#8221;][vc_single_image alignment=&#8221;center&#8221; image=&#8221;15657&#8243;][\/vc_column][vc_column width=&#8221;1\/2&#8243;][vc_custom_heading text=&#8221;About us&#8221; font_container=&#8221;tag:h3|font_size:22px|text_align:left|color:%233ab45a|line_height:28px&#8221; google_fonts=&#8221;font_family:Roboto%20Slab%3A100%2C300%2Cregular%2C700|font_style:400%20regular%3A400%3Anormal&#8221;][vc_empty_space height=&#8221;20px&#8221;][vc_column_text] The foundations of Ozler Tarim that has been continuing its activities for 3 generations, were laid in 1982. Ozler Tarim, that is initially established to market own products all over World, [&hellip;]<\/p>\n","protected":false},"author":1,"featured_media":0,"parent":0,"menu_order":0,"comment_status":"closed","ping_status":"closed","template":"","meta":{"footnotes":""},"class_list":["post-6","page","type-page","status-publish","hentry"],"yoast_head":"<!-- This site is optimized with the Yoast SEO plugin v27.4 - https:\/\/yoast.com\/product\/yoast-seo-wordpress\/ -->\n<title>Home - \u00d6zler Tar\u0131m EN<\/title>\n<meta name=\"robots\" content=\"index, follow, max-snippet:-1, max-image-preview:large, max-video-preview:-1\" \/>\n<link rel=\"canonical\" href=\"https:\/\/ozlertarim.com.tr\/en\/\" \/>\n<meta property=\"og:locale\" content=\"en_US\" \/>\n<meta property=\"og:type\" content=\"article\" \/>\n<meta property=\"og:title\" content=\"Home - \u00d6zler Tar\u0131m EN\" \/>\n<meta property=\"og:description\" content=\"[vc_row row_style=&#8221;full-width&#8221; padding_size=&#8221;no-padding&#8221;][vc_column padding_size=&#8221;no-padding&#8221;][rev_slider_vc][wyde_section_separator style=&#8221;4&#8243; background_color=&#8221;#ffffff&#8221; shape_color=&#8221;#3ab54a&#8221;][\/vc_column][\/vc_row][vc_row vertical_align=&#8221;bottom&#8221; css=&#8221;.vc_custom_1461334320574{padding-bottom: 0px !important;}&#8221;][vc_column width=&#8221;1\/2&#8243;][wyde_heading text_align=&#8221;right&#8221; title=&#8221;\u00d6zler Tar\u0131m&#8221;][vc_empty_space height=&#8221;20px&#8221;][vc_single_image alignment=&#8221;center&#8221; image=&#8221;15657&#8243;][\/vc_column][vc_column width=&#8221;1\/2&#8243;][vc_custom_heading text=&#8221;About us&#8221; font_container=&#8221;tag:h3|font_size:22px|text_align:left|color:%233ab45a|line_height:28px&#8221; google_fonts=&#8221;font_family:Roboto%20Slab%3A100%2C300%2Cregular%2C700|font_style:400%20regular%3A400%3Anormal&#8221;][vc_empty_space height=&#8221;20px&#8221;][vc_column_text] The foundations of Ozler Tarim that has been continuing its activities for 3 generations, were laid in 1982. Ozler Tarim, that is initially established to market own products all over World, [&hellip;]\" \/>\n<meta property=\"og:url\" content=\"https:\/\/ozlertarim.com.tr\/en\/\" \/>\n<meta property=\"og:site_name\" content=\"\u00d6zler Tar\u0131m EN\" \/>\n<meta property=\"article:publisher\" content=\"https:\/\/www.facebook.com\/ozlertarim\" \/>\n<meta property=\"article:modified_time\" content=\"2022-07-04T13:45:26+00:00\" \/>\n<meta name=\"twitter:card\" content=\"summary_large_image\" \/>\n<meta name=\"twitter:label1\" content=\"Est. reading time\" \/>\n\t<meta name=\"twitter:data1\" content=\"4 minutes\" \/>\n<script type=\"application\/ld+json\" class=\"yoast-schema-graph\">{\"@context\":\"https:\\\/\\\/schema.org\",\"@graph\":[{\"@type\":\"WebPage\",\"@id\":\"https:\\\/\\\/ozlertarim.com.tr\\\/en\\\/\",\"url\":\"https:\\\/\\\/ozlertarim.com.tr\\\/en\\\/\",\"name\":\"Home - \u00d6zler Tar\u0131m EN\",\"isPartOf\":{\"@id\":\"https:\\\/\\\/ozlertarim.com.tr\\\/en\\\/#website\"},\"datePublished\":\"2016-05-10T02:57:35+00:00\",\"dateModified\":\"2022-07-04T13:45:26+00:00\",\"breadcrumb\":{\"@id\":\"https:\\\/\\\/ozlertarim.com.tr\\\/en\\\/#breadcrumb\"},\"inLanguage\":\"en-US\",\"potentialAction\":[{\"@type\":\"ReadAction\",\"target\":[\"https:\\\/\\\/ozlertarim.com.tr\\\/en\\\/\"]}]},{\"@type\":\"BreadcrumbList\",\"@id\":\"https:\\\/\\\/ozlertarim.com.tr\\\/en\\\/#breadcrumb\",\"itemListElement\":[{\"@type\":\"ListItem\",\"position\":1,\"name\":\"Anasayfa\",\"item\":\"https:\\\/\\\/ozlertarim.com.tr\\\/en\\\/\"},{\"@type\":\"ListItem\",\"position\":2,\"name\":\"Home\"}]},{\"@type\":\"WebSite\",\"@id\":\"https:\\\/\\\/ozlertarim.com.tr\\\/en\\\/#website\",\"url\":\"https:\\\/\\\/ozlertarim.com.tr\\\/en\\\/\",\"name\":\"\u00d6zler Tar\u0131m\",\"description\":\"Gelece\u011fin Meyveleri\",\"publisher\":{\"@id\":\"https:\\\/\\\/ozlertarim.com.tr\\\/en\\\/#organization\"},\"potentialAction\":[{\"@type\":\"SearchAction\",\"target\":{\"@type\":\"EntryPoint\",\"urlTemplate\":\"https:\\\/\\\/ozlertarim.com.tr\\\/en\\\/?s={search_term_string}\"},\"query-input\":{\"@type\":\"PropertyValueSpecification\",\"valueRequired\":true,\"valueName\":\"search_term_string\"}}],\"inLanguage\":\"en-US\"},{\"@type\":\"Organization\",\"@id\":\"https:\\\/\\\/ozlertarim.com.tr\\\/en\\\/#organization\",\"name\":\"\u00d6zler Tar\u0131m\",\"url\":\"https:\\\/\\\/ozlertarim.com.tr\\\/en\\\/\",\"logo\":{\"@type\":\"ImageObject\",\"inLanguage\":\"en-US\",\"@id\":\"https:\\\/\\\/ozlertarim.com.tr\\\/en\\\/#\\\/schema\\\/logo\\\/image\\\/\",\"url\":\"https:\\\/\\\/www1.ozlertarim.com.tr\\\/en\\\/wp-content\\\/uploads\\\/2020\\\/04\\\/ozler-simge.png\",\"contentUrl\":\"https:\\\/\\\/www1.ozlertarim.com.tr\\\/en\\\/wp-content\\\/uploads\\\/2020\\\/04\\\/ozler-simge.png\",\"width\":512,\"height\":512,\"caption\":\"\u00d6zler Tar\u0131m\"},\"image\":{\"@id\":\"https:\\\/\\\/ozlertarim.com.tr\\\/en\\\/#\\\/schema\\\/logo\\\/image\\\/\"},\"sameAs\":[\"https:\\\/\\\/www.facebook.com\\\/ozlertarim\",\"https:\\\/\\\/www.instagram.com\\\/ozlertarim\\\/\"]}]}<\/script>\n<!-- \/ Yoast SEO plugin. -->","yoast_head_json":{"title":"Home - \u00d6zler Tar\u0131m EN","robots":{"index":"index","follow":"follow","max-snippet":"max-snippet:-1","max-image-preview":"max-image-preview:large","max-video-preview":"max-video-preview:-1"},"canonical":"https:\/\/ozlertarim.com.tr\/en\/","og_locale":"en_US","og_type":"article","og_title":"Home - \u00d6zler Tar\u0131m EN","og_description":"[vc_row row_style=&#8221;full-width&#8221; padding_size=&#8221;no-padding&#8221;][vc_column padding_size=&#8221;no-padding&#8221;][rev_slider_vc][wyde_section_separator style=&#8221;4&#8243; background_color=&#8221;#ffffff&#8221; shape_color=&#8221;#3ab54a&#8221;][\/vc_column][\/vc_row][vc_row vertical_align=&#8221;bottom&#8221; css=&#8221;.vc_custom_1461334320574{padding-bottom: 0px !important;}&#8221;][vc_column width=&#8221;1\/2&#8243;][wyde_heading text_align=&#8221;right&#8221; title=&#8221;\u00d6zler Tar\u0131m&#8221;][vc_empty_space height=&#8221;20px&#8221;][vc_single_image alignment=&#8221;center&#8221; image=&#8221;15657&#8243;][\/vc_column][vc_column width=&#8221;1\/2&#8243;][vc_custom_heading text=&#8221;About us&#8221; font_container=&#8221;tag:h3|font_size:22px|text_align:left|color:%233ab45a|line_height:28px&#8221; google_fonts=&#8221;font_family:Roboto%20Slab%3A100%2C300%2Cregular%2C700|font_style:400%20regular%3A400%3Anormal&#8221;][vc_empty_space height=&#8221;20px&#8221;][vc_column_text] The foundations of Ozler Tarim that has been continuing its activities for 3 generations, were laid in 1982. Ozler Tarim, that is initially established to market own products all over World, [&hellip;]","og_url":"https:\/\/ozlertarim.com.tr\/en\/","og_site_name":"\u00d6zler Tar\u0131m EN","article_publisher":"https:\/\/www.facebook.com\/ozlertarim","article_modified_time":"2022-07-04T13:45:26+00:00","twitter_card":"summary_large_image","twitter_misc":{"Est. reading time":"4 minutes"},"schema":{"@context":"https:\/\/schema.org","@graph":[{"@type":"WebPage","@id":"https:\/\/ozlertarim.com.tr\/en\/","url":"https:\/\/ozlertarim.com.tr\/en\/","name":"Home - \u00d6zler Tar\u0131m EN","isPartOf":{"@id":"https:\/\/ozlertarim.com.tr\/en\/#website"},"datePublished":"2016-05-10T02:57:35+00:00","dateModified":"2022-07-04T13:45:26+00:00","breadcrumb":{"@id":"https:\/\/ozlertarim.com.tr\/en\/#breadcrumb"},"inLanguage":"en-US","potentialAction":[{"@type":"ReadAction","target":["https:\/\/ozlertarim.com.tr\/en\/"]}]},{"@type":"BreadcrumbList","@id":"https:\/\/ozlertarim.com.tr\/en\/#breadcrumb","itemListElement":[{"@type":"ListItem","position":1,"name":"Anasayfa","item":"https:\/\/ozlertarim.com.tr\/en\/"},{"@type":"ListItem","position":2,"name":"Home"}]},{"@type":"WebSite","@id":"https:\/\/ozlertarim.com.tr\/en\/#website","url":"https:\/\/ozlertarim.com.tr\/en\/","name":"\u00d6zler Tar\u0131m","description":"Gelece\u011fin Meyveleri","publisher":{"@id":"https:\/\/ozlertarim.com.tr\/en\/#organization"},"potentialAction":[{"@type":"SearchAction","target":{"@type":"EntryPoint","urlTemplate":"https:\/\/ozlertarim.com.tr\/en\/?s={search_term_string}"},"query-input":{"@type":"PropertyValueSpecification","valueRequired":true,"valueName":"search_term_string"}}],"inLanguage":"en-US"},{"@type":"Organization","@id":"https:\/\/ozlertarim.com.tr\/en\/#organization","name":"\u00d6zler Tar\u0131m","url":"https:\/\/ozlertarim.com.tr\/en\/","logo":{"@type":"ImageObject","inLanguage":"en-US","@id":"https:\/\/ozlertarim.com.tr\/en\/#\/schema\/logo\/image\/","url":"https:\/\/www1.ozlertarim.com.tr\/en\/wp-content\/uploads\/2020\/04\/ozler-simge.png","contentUrl":"https:\/\/www1.ozlertarim.com.tr\/en\/wp-content\/uploads\/2020\/04\/ozler-simge.png","width":512,"height":512,"caption":"\u00d6zler Tar\u0131m"},"image":{"@id":"https:\/\/ozlertarim.com.tr\/en\/#\/schema\/logo\/image\/"},"sameAs":["https:\/\/www.facebook.com\/ozlertarim","https:\/\/www.instagram.com\/ozlertarim\/"]}]}},"_links":{"self":[{"href":"https:\/\/ozlertarim.com.tr\/en\/wp-json\/wp\/v2\/pages\/6","targetHints":{"allow":["GET"]}}],"collection":[{"href":"https:\/\/ozlertarim.com.tr\/en\/wp-json\/wp\/v2\/pages"}],"about":[{"href":"https:\/\/ozlertarim.com.tr\/en\/wp-json\/wp\/v2\/types\/page"}],"author":[{"embeddable":true,"href":"https:\/\/ozlertarim.com.tr\/en\/wp-json\/wp\/v2\/users\/1"}],"replies":[{"embeddable":true,"href":"https:\/\/ozlertarim.com.tr\/en\/wp-json\/wp\/v2\/comments?post=6"}],"version-history":[{"count":34,"href":"https:\/\/ozlertarim.com.tr\/en\/wp-json\/wp\/v2\/pages\/6\/revisions"}],"predecessor-version":[{"id":15717,"href":"https:\/\/ozlertarim.com.tr\/en\/wp-json\/wp\/v2\/pages\/6\/revisions\/15717"}],"wp:attachment":[{"href":"https:\/\/ozlertarim.com.tr\/en\/wp-json\/wp\/v2\/media?parent=6"}],"curies":[{"name":"wp","href":"https:\/\/api.w.org\/{rel}","templated":true}]}}